{"id":101,"date":"2019-09-26T12:23:44","date_gmt":"2019-09-26T12:23:44","guid":{"rendered":"https:\/\/kulturzeit-moenchengladbach.de\/?page_id=101"},"modified":"2024-03-28T14:51:25","modified_gmt":"2024-03-28T13:51:25","slug":"richtlinien","status":"publish","type":"page","link":"https:\/\/kulturzeit-moenchengladbach.de\/index.php\/richtlinien\/","title":{"rendered":"Richtlinien"},"content":{"rendered":"\t\t<div data-elementor-type=\"wp-page\" data-elementor-id=\"101\" class=\"elementor elementor-101\">\n\t\t\t\t\t\t<section class=\"elementor-section elementor-top-section elementor-element elementor-element-7f8dac21 elementor-section-boxed elementor-section-height-default elementor-section-height-default\" data-id=\"7f8dac21\" data-element_type=\"section\" data-e-type=\"section\">\n\t\t\t\t\t\t<div class=\"elementor-container elementor-column-gap-default\">\n\t\t\t\t\t<div class=\"elementor-column elementor-col-100 elementor-top-column elementor-element elementor-element-75e05d71\" data-id=\"75e05d71\" data-element_type=\"column\" data-e-type=\"column\">\n\t\t\t<div class=\"elementor-widget-wrap elementor-element-populated\">\n\t\t\t\t\t\t<div class=\"elementor-element elementor-element-1d66b3f6 elementor-nav-menu--dropdown-tablet elementor-nav-menu__text-align-aside elementor-nav-menu--toggle elementor-nav-menu--burger elementor-widget elementor-widget-nav-menu\" data-id=\"1d66b3f6\" data-element_type=\"widget\" data-e-type=\"widget\" data-settings=\"{&quot;layout&quot;:&quot;horizontal&quot;,&quot;submenu_icon&quot;:{&quot;value&quot;:&quot;&lt;i class=\\&quot;fas fa-caret-down\\&quot;&gt;&lt;\\\/i&gt;&quot;,&quot;library&quot;:&quot;fa-solid&quot;},&quot;toggle&quot;:&quot;burger&quot;}\" data-widget_type=\"nav-menu.default\">\n\t\t\t\t<div class=\"elementor-widget-container\">\n\t\t\t\t\t\t\t\t<nav migration_allowed=\"1\" migrated=\"0\" class=\"elementor-nav-menu--main elementor-nav-menu__container elementor-nav-menu--layout-horizontal e--pointer-none\">\n\t\t\t\t<ul id=\"menu-1-1d66b3f6\" class=\"elementor-nav-menu\"><li class=\"menu-item menu-item-type-post_type menu-item-object-page menu-item-home menu-item-115\"><a href=\"https:\/\/kulturzeit-moenchengladbach.de\/\" class=\"elementor-item\">Home<\/a><\/li>\n<li class=\"menu-item menu-item-type-post_type menu-item-object-page menu-item-has-children menu-item-114\"><a href=\"https:\/\/kulturzeit-moenchengladbach.de\/index.php\/gast\/\" class=\"elementor-item\">Gast<\/a>\n<ul class=\"sub-menu elementor-nav-menu--dropdown\">\n\t<li class=\"menu-item menu-item-type-post_type menu-item-object-page menu-item-113\"><a href=\"https:\/\/kulturzeit-moenchengladbach.de\/index.php\/richtlinien\/\" class=\"elementor-sub-item\">Richtlinien<\/a><\/li>\n\t<li class=\"menu-item menu-item-type-post_type menu-item-object-page menu-item-221\"><a href=\"https:\/\/kulturzeit-moenchengladbach.de\/index.php\/elementor-216\/\" class=\"elementor-sub-item\">G\u00e4ste-Partner<\/a><\/li>\n\t<li class=\"menu-item menu-item-type-post_type menu-item-object-page menu-item-294\"><a href=\"https:\/\/kulturzeit-moenchengladbach.de\/index.php\/events2\/\" class=\"elementor-sub-item\">Veranstaltungen<\/a><\/li>\n<\/ul>\n<\/li>\n<li class=\"menu-item menu-item-type-post_type menu-item-object-page menu-item-137\"><a href=\"https:\/\/kulturzeit-moenchengladbach.de\/index.php\/partner\/\" class=\"elementor-item\">Partner<\/a><\/li>\n<li class=\"menu-item menu-item-type-post_type menu-item-object-page menu-item-149\"><a href=\"https:\/\/kulturzeit-moenchengladbach.de\/index.php\/rudel\/\" class=\"elementor-item\">Rudel<\/a><\/li>\n<li class=\"menu-item menu-item-type-post_type menu-item-object-page menu-item-166\"><a href=\"https:\/\/kulturzeit-moenchengladbach.de\/index.php\/impressum\/\" class=\"elementor-item\">Impressum<\/a><\/li>\n<li class=\"menu-item menu-item-type-post_type menu-item-object-page menu-item-173\"><a href=\"https:\/\/kulturzeit-moenchengladbach.de\/index.php\/datenschutz\/\" class=\"elementor-item\">Datenschutz<\/a><\/li>\n<li class=\"menu-item menu-item-type-custom menu-item-object-custom menu-item-357\"><a href=\"https:\/\/kulturzeit-mg-komm-an.de\/\" class=\"elementor-item\">English<\/a><\/li>\n<\/ul>\t\t\t<\/nav>\n\t\t\t\t\t<div class=\"elementor-menu-toggle\" role=\"button\" tabindex=\"0\" aria-label=\"Menu Toggle\" aria-expanded=\"false\">\n\t\t\t<i aria-hidden=\"true\" role=\"presentation\" class=\"elementor-menu-toggle__icon--open eicon-menu-bar\"><\/i><i aria-hidden=\"true\" role=\"presentation\" class=\"elementor-menu-toggle__icon--close eicon-close\"><\/i>\t\t\t<span class=\"elementor-screen-only\">Men\u00fc<\/span>\n\t\t<\/div>\n\t\t\t\t\t<nav class=\"elementor-nav-menu--dropdown elementor-nav-menu__container\" aria-hidden=\"true\">\n\t\t\t\t<ul id=\"menu-2-1d66b3f6\" class=\"elementor-nav-menu\"><li class=\"menu-item menu-item-type-post_type menu-item-object-page menu-item-home menu-item-115\"><a href=\"https:\/\/kulturzeit-moenchengladbach.de\/\" class=\"elementor-item\" tabindex=\"-1\">Home<\/a><\/li>\n<li class=\"menu-item menu-item-type-post_type menu-item-object-page menu-item-has-children menu-item-114\"><a href=\"https:\/\/kulturzeit-moenchengladbach.de\/index.php\/gast\/\" class=\"elementor-item\" tabindex=\"-1\">Gast<\/a>\n<ul class=\"sub-menu elementor-nav-menu--dropdown\">\n\t<li class=\"menu-item menu-item-type-post_type menu-item-object-page menu-item-113\"><a href=\"https:\/\/kulturzeit-moenchengladbach.de\/index.php\/richtlinien\/\" class=\"elementor-sub-item\" tabindex=\"-1\">Richtlinien<\/a><\/li>\n\t<li class=\"menu-item menu-item-type-post_type menu-item-object-page menu-item-221\"><a href=\"https:\/\/kulturzeit-moenchengladbach.de\/index.php\/elementor-216\/\" class=\"elementor-sub-item\" tabindex=\"-1\">G\u00e4ste-Partner<\/a><\/li>\n\t<li class=\"menu-item menu-item-type-post_type menu-item-object-page menu-item-294\"><a href=\"https:\/\/kulturzeit-moenchengladbach.de\/index.php\/events2\/\" class=\"elementor-sub-item\" tabindex=\"-1\">Veranstaltungen<\/a><\/li>\n<\/ul>\n<\/li>\n<li class=\"menu-item menu-item-type-post_type menu-item-object-page menu-item-137\"><a href=\"https:\/\/kulturzeit-moenchengladbach.de\/index.php\/partner\/\" class=\"elementor-item\" tabindex=\"-1\">Partner<\/a><\/li>\n<li class=\"menu-item menu-item-type-post_type menu-item-object-page menu-item-149\"><a href=\"https:\/\/kulturzeit-moenchengladbach.de\/index.php\/rudel\/\" class=\"elementor-item\" tabindex=\"-1\">Rudel<\/a><\/li>\n<li class=\"menu-item menu-item-type-post_type menu-item-object-page menu-item-166\"><a href=\"https:\/\/kulturzeit-moenchengladbach.de\/index.php\/impressum\/\" class=\"elementor-item\" tabindex=\"-1\">Impressum<\/a><\/li>\n<li class=\"menu-item menu-item-type-post_type menu-item-object-page menu-item-173\"><a href=\"https:\/\/kulturzeit-moenchengladbach.de\/index.php\/datenschutz\/\" class=\"elementor-item\" tabindex=\"-1\">Datenschutz<\/a><\/li>\n<li class=\"menu-item menu-item-type-custom menu-item-object-custom menu-item-357\"><a href=\"https:\/\/kulturzeit-mg-komm-an.de\/\" class=\"elementor-item\" tabindex=\"-1\">English<\/a><\/li>\n<\/ul>\t\t\t<\/nav>\n\t\t\t\t\t\t<\/div>\n\t\t\t\t<\/div>\n\t\t\t\t\t<\/div>\n\t\t<\/div>\n\t\t\t\t\t<\/div>\n\t\t<\/section>\n\t\t\t\t<section class=\"elementor-section elementor-top-section elementor-element elementor-element-527023ee elementor-section-height-min-height elementor-section-content-middle elementor-section-boxed elementor-section-height-default elementor-section-items-middle\" data-id=\"527023ee\" data-element_type=\"section\" data-e-type=\"section\" data-settings=\"{&quot;background_background&quot;:&quot;classic&quot;}\">\n\t\t\t\t\t\t\t<div class=\"elementor-background-overlay\"><\/div>\n\t\t\t\t\t\t\t<div class=\"elementor-container elementor-column-gap-default\">\n\t\t\t\t\t<div class=\"elementor-column elementor-col-100 elementor-top-column elementor-element elementor-element-812987c\" data-id=\"812987c\" data-element_type=\"column\" data-e-type=\"column\">\n\t\t\t<div class=\"elementor-widget-wrap elementor-element-populated\">\n\t\t\t\t\t\t<div class=\"elementor-element elementor-element-7cfa1ddc elementor-absolute elementor-widget elementor-widget-image\" data-id=\"7cfa1ddc\" data-element_type=\"widget\" data-e-type=\"widget\" data-settings=\"{&quot;motion_fx_motion_fx_scrolling&quot;:&quot;yes&quot;,&quot;_position&quot;:&quot;absolute&quot;,&quot;motion_fx_devices&quot;:[&quot;desktop&quot;,&quot;tablet&quot;,&quot;mobile&quot;]}\" data-widget_type=\"image.default\">\n\t\t\t\t<div class=\"elementor-widget-container\">\n\t\t\t\t\t\t\t\t\t\t\t\t\t\t\t<img fetchpriority=\"high\" decoding=\"async\" width=\"957\" height=\"448\" src=\"https:\/\/kulturzeit-moenchengladbach.de\/wp-content\/uploads\/2019\/09\/Kulturzeit-Logo-weiss-schwarz.png\" class=\"attachment-full size-full wp-image-38\" alt=\"Logo Kulturl\u00f6we\" srcset=\"https:\/\/kulturzeit-moenchengladbach.de\/wp-content\/uploads\/2019\/09\/Kulturzeit-Logo-weiss-schwarz.png 957w, https:\/\/kulturzeit-moenchengladbach.de\/wp-content\/uploads\/2019\/09\/Kulturzeit-Logo-weiss-schwarz-300x140.png 300w, https:\/\/kulturzeit-moenchengladbach.de\/wp-content\/uploads\/2019\/09\/Kulturzeit-Logo-weiss-schwarz-768x360.png 768w\" sizes=\"(max-width: 957px) 100vw, 957px\" \/>\t\t\t\t\t\t\t\t\t\t\t\t\t\t\t<\/div>\n\t\t\t\t<\/div>\n\t\t\t\t\t<\/div>\n\t\t<\/div>\n\t\t\t\t\t<\/div>\n\t\t<\/section>\n\t\t\t\t<section class=\"elementor-section elementor-top-section elementor-element elementor-element-3ddd7364 elementor-section-content-middle elementor-section-boxed elementor-section-height-default elementor-section-height-default\" data-id=\"3ddd7364\" data-element_type=\"section\" data-e-type=\"section\">\n\t\t\t\t\t\t<div class=\"elementor-container elementor-column-gap-default\">\n\t\t\t\t\t<div class=\"elementor-column elementor-col-100 elementor-top-column elementor-element elementor-element-4c0d66c2\" data-id=\"4c0d66c2\" data-element_type=\"column\" data-e-type=\"column\">\n\t\t\t<div class=\"elementor-widget-wrap elementor-element-populated\">\n\t\t\t\t\t\t<div class=\"elementor-element elementor-element-53863d5c elementor-widget elementor-widget-heading\" data-id=\"53863d5c\" data-element_type=\"widget\" data-e-type=\"widget\" data-widget_type=\"heading.default\">\n\t\t\t\t<div class=\"elementor-widget-container\">\n\t\t\t\t\t<h5 class=\"elementor-heading-title elementor-size-small\">Richtlinien<\/h5>\t\t\t\t<\/div>\n\t\t\t\t<\/div>\n\t\t\t\t<div class=\"elementor-element elementor-element-9d7492e elementor-widget elementor-widget-text-editor\" data-id=\"9d7492e\" data-element_type=\"widget\" data-e-type=\"widget\" data-widget_type=\"text-editor.default\">\n\t\t\t\t<div class=\"elementor-widget-container\">\n\t\t\t\t\t\t\t\t\t<p>Berechtigt Karten \u00fcber die KulturZeit zu bekommen ist man, wenn durch die Antragstellerin\/ den Antragsteller und ihre\/ seine in Haushaltsgemeinschaft lebenden Angeh\u00f6rigen, Leistungen nach dem SGB II, SGB XII oder dem AsylbLG bezogen werden. Das gleiche gilt, wenn der Antragstellerin\/ dem Antragsteller bzw. ihrer\/ seiner Familie Wohngeld nach dem Wohngeldgesetz oder Kinderzuschlag nach dem Bundeskindergeldgesetz gew\u00e4hrt werden.<br \/>F\u00fcr Haushaltsangeh\u00f6rige, welche nicht im Leistungsbezug nach SGB II stehen (z.B. junge Erwachsene mit Ausbildungsverg\u00fctung), ist die Berechtigung nach den unten genannten S\u00e4tzen gesondert nachzuweisen. <br \/><br \/>Dar\u00fcber hinaus k\u00f6nnen Karten vermittelt werden, wenn das gesamte Einkommen im Sinne der \u00a7\u00a7 11 SGB II bzw. 82 SGB XII monatlich einen H\u00f6chstbetrag nicht \u00fcbersteigt. In 2019 betr\u00e4gt die Einkommensh\u00f6chstgrenze f\u00fcr den Haushaltsvorstand 829 \u20ac und f\u00fcr jedes Mitglied der Haushaltsgemeinschaft 455 \u20ac. Bei Personen mit einer Schwerbehinderung (Grad der Behinderung ab 50 %) erh\u00f6ht sich die Einkommensgrenze um 85 \u20ac. Die Einkommensgrenzen werden regelm\u00e4\u00dfig analog der Anpassung der Regels\u00e4tze des SGB II fortgeschrieben. <br \/><br \/>Nicht angerechnet werden Leistungen nach dem Bundeskindergeldgesetz, Kindergeld nach dem Einkommenssteuergesetz, Mindestelterngeld entsprechend \u00a7 2 Abs. 4 Bundeselterngeldgesetz sowie Grundrenten nach dem Bundesversorgungsgesetz und dem Opferentsch\u00e4digungsgesetz. <br \/><br \/>Ma\u00dfgebend ist das Einkommen der im Haushalt lebenden Personen in den vergangenen drei Monaten. Die H\u00f6he des Einkommens ist durch Lohnbescheinigungen, Einkommenssteuerbescheid, Rentenbescheide u.\u00e4. nachzuweisen. In begr\u00fcndeten Einzelf\u00e4llen (z.B. bei wesentlichen Einkommens\u00e4nderungen) kann eine abweichende Regelung getroffen werden. <br \/><br \/><\/p><p>\u00a0<\/p>\t\t\t\t\t\t\t\t<\/div>\n\t\t\t\t<\/div>\n\t\t\t\t\t<\/div>\n\t\t<\/div>\n\t\t\t\t\t<\/div>\n\t\t<\/section>\n\t\t\t\t<section class=\"elementor-section elementor-top-section elementor-element elementor-element-7c15cf23 elementor-section-content-middle elementor-section-boxed elementor-section-height-default elementor-section-height-default\" data-id=\"7c15cf23\" data-element_type=\"section\" data-e-type=\"section\">\n\t\t\t\t\t\t<div class=\"elementor-container elementor-column-gap-default\">\n\t\t\t\t\t<div class=\"elementor-column elementor-col-50 elementor-top-column elementor-element elementor-element-5dfec43e\" data-id=\"5dfec43e\" data-element_type=\"column\" data-e-type=\"column\">\n\t\t\t<div class=\"elementor-widget-wrap elementor-element-populated\">\n\t\t\t\t\t\t<div class=\"elementor-element elementor-element-359bd5d0 elementor-widget elementor-widget-heading\" data-id=\"359bd5d0\" data-element_type=\"widget\" data-e-type=\"widget\" data-widget_type=\"heading.default\">\n\t\t\t\t<div class=\"elementor-widget-container\">\n\t\t\t\t\t<h5 class=\"elementor-heading-title elementor-size-small\">Kulturl\u00f6we Niederrhein e.V.<\/h5>\t\t\t\t<\/div>\n\t\t\t\t<\/div>\n\t\t\t\t<div class=\"elementor-element elementor-element-45bff89a elementor-widget-divider--view-line elementor-widget elementor-widget-divider\" data-id=\"45bff89a\" data-element_type=\"widget\" data-e-type=\"widget\" data-widget_type=\"divider.default\">\n\t\t\t\t<div class=\"elementor-widget-container\">\n\t\t\t\t\t\t\t<div class=\"elementor-divider\">\n\t\t\t<span class=\"elementor-divider-separator\">\n\t\t\t\t\t\t<\/span>\n\t\t<\/div>\n\t\t\t\t\t\t<\/div>\n\t\t\t\t<\/div>\n\t\t\t\t<div class=\"elementor-element elementor-element-393ceff1 elementor-icon-list--layout-traditional elementor-list-item-link-full_width elementor-widget elementor-widget-icon-list\" data-id=\"393ceff1\" data-element_type=\"widget\" data-e-type=\"widget\" data-widget_type=\"icon-list.default\">\n\t\t\t\t<div class=\"elementor-widget-container\">\n\t\t\t\t\t\t\t<ul class=\"elementor-icon-list-items\">\n\t\t\t\t\t\t\t<li class=\"elementor-icon-list-item\">\n\t\t\t\t\t\t\t\t\t\t\t<span class=\"elementor-icon-list-icon\">\n\t\t\t\t\t\t\t<i aria-hidden=\"true\" class=\"fas fa-map-marker-alt\"><\/i>\t\t\t\t\t\t<\/span>\n\t\t\t\t\t\t\t\t\t\t<span class=\"elementor-icon-list-text\">Wallstra\u00dfe 1, 41061 M\u00f6nchengladbach<\/span>\n\t\t\t\t\t\t\t\t\t<\/li>\n\t\t\t\t\t\t\t\t<li class=\"elementor-icon-list-item\">\n\t\t\t\t\t\t\t\t\t\t\t<a href=\"mailto:post@kulturloewe.de\">\n\n\t\t\t\t\t\t\t\t\t\t\t\t<span class=\"elementor-icon-list-icon\">\n\t\t\t\t\t\t\t<i aria-hidden=\"true\" class=\"fas fa-envelope-square\"><\/i>\t\t\t\t\t\t<\/span>\n\t\t\t\t\t\t\t\t\t\t<span class=\"elementor-icon-list-text\">post@kulturloewe.de<\/span>\n\t\t\t\t\t\t\t\t\t\t\t<\/a>\n\t\t\t\t\t\t\t\t\t<\/li>\n\t\t\t\t\t\t\t\t<li class=\"elementor-icon-list-item\">\n\t\t\t\t\t\t\t\t\t\t\t<span class=\"elementor-icon-list-icon\">\n\t\t\t\t\t\t\t<i aria-hidden=\"true\" class=\"fas fa-phone-square\"><\/i>\t\t\t\t\t\t<\/span>\n\t\t\t\t\t\t\t\t\t\t<span class=\"elementor-icon-list-text\">(02161) 96 228 85<\/span>\n\t\t\t\t\t\t\t\t\t<\/li>\n\t\t\t\t\t\t\t\t<li class=\"elementor-icon-list-item\">\n\t\t\t\t\t\t\t\t\t\t\t<span class=\"elementor-icon-list-icon\">\n\t\t\t\t\t\t\t<i aria-hidden=\"true\" class=\"far fa-clock\"><\/i>\t\t\t\t\t\t<\/span>\n\t\t\t\t\t\t\t\t\t\t<span class=\"elementor-icon-list-text\">\u00d6ffnungszeiten:<\/span>\n\t\t\t\t\t\t\t\t\t<\/li>\n\t\t\t\t\t\t\t\t<li class=\"elementor-icon-list-item\">\n\t\t\t\t\t\t\t\t\t\t<span class=\"elementor-icon-list-text\">Dienstag, Mittwoch und Freitag: 09:00 - 14:00 Uhr <\/span>\n\t\t\t\t\t\t\t\t\t<\/li>\n\t\t\t\t\t\t\t\t<li class=\"elementor-icon-list-item\">\n\t\t\t\t\t\t\t\t\t\t<span class=\"elementor-icon-list-text\">Donnerstag: 11:00 - 16:00 Uhr <\/span>\n\t\t\t\t\t\t\t\t\t<\/li>\n\t\t\t\t\t\t\t\t<li class=\"elementor-icon-list-item\">\n\t\t\t\t\t\t\t\t\t\t<span class=\"elementor-icon-list-text\">Samstag: 10:00 - 14:00 Uhr <br>Sonntag + Montag: Geschlossen <\/span>\n\t\t\t\t\t\t\t\t\t<\/li>\n\t\t\t\t\t\t<\/ul>\n\t\t\t\t\t\t<\/div>\n\t\t\t\t<\/div>\n\t\t\t\t\t<\/div>\n\t\t<\/div>\n\t\t\t\t<div class=\"elementor-column elementor-col-50 elementor-top-column elementor-element elementor-element-1c507a8\" data-id=\"1c507a8\" data-element_type=\"column\" data-e-type=\"column\">\n\t\t\t<div class=\"elementor-widget-wrap elementor-element-populated\">\n\t\t\t\t\t\t<div class=\"elementor-element elementor-element-1ff50d37 elementor-widget elementor-widget-google_maps\" data-id=\"1ff50d37\" data-element_type=\"widget\" data-e-type=\"widget\" data-widget_type=\"google_maps.default\">\n\t\t\t\t<div class=\"elementor-widget-container\">\n\t\t\t\t\t\t\t<div class=\"elementor-custom-embed\">\n\t\t\t<iframe loading=\"lazy\"\n\t\t\t\t\tsrc=\"https:\/\/maps.google.com\/maps?q=M%C3%B6nchengladbach%2C%20Wallstra%C3%9Fe%201&#038;t=m&#038;z=10&#038;output=embed&#038;iwloc=near\"\n\t\t\t\t\ttitle=\"M\u00f6nchengladbach, Wallstra\u00dfe 1\"\n\t\t\t\t\taria-label=\"M\u00f6nchengladbach, Wallstra\u00dfe 1\"\n\t\t\t><\/iframe>\n\t\t<\/div>\n\t\t\t\t\t\t<\/div>\n\t\t\t\t<\/div>\n\t\t\t\t\t<\/div>\n\t\t<\/div>\n\t\t\t\t\t<\/div>\n\t\t<\/section>\n\t\t\t\t<\/div>\n\t\t","protected":false},"excerpt":{"rendered":"<p>Richtlinien Berechtigt Karten \u00fcber die KulturZeit zu bekommen ist man, wenn durch die Antragstellerin\/ den Antragsteller und ihre\/ seine in Haushaltsgemeinschaft lebenden Angeh\u00f6rigen, Leistungen nach dem SGB II, SGB XII oder dem AsylbLG bezogen werden. Das gleiche gilt, wenn der Antragstellerin\/ dem Antragsteller bzw. ihrer\/ seiner Familie Wohngeld nach dem Wohngeldgesetz oder Kinderzuschlag nach dem [&hellip;]<\/p>\n","protected":false},"author":1,"featured_media":0,"parent":0,"menu_order":0,"comment_status":"closed","ping_status":"closed","template":"elementor_canvas","meta":{"footnotes":""},"class_list":["post-101","page","type-page","status-publish","hentry"],"_links":{"self":[{"href":"https:\/\/kulturzeit-moenchengladbach.de\/index.php\/wp-json\/wp\/v2\/pages\/101","targetHints":{"allow":["GET"]}}],"collection":[{"href":"https:\/\/kulturzeit-moenchengladbach.de\/index.php\/wp-json\/wp\/v2\/pages"}],"about":[{"href":"https:\/\/kulturzeit-moenchengladbach.de\/index.php\/wp-json\/wp\/v2\/types\/page"}],"author":[{"embeddable":true,"href":"https:\/\/kulturzeit-moenchengladbach.de\/index.php\/wp-json\/wp\/v2\/users\/1"}],"replies":[{"embeddable":true,"href":"https:\/\/kulturzeit-moenchengladbach.de\/index.php\/wp-json\/wp\/v2\/comments?post=101"}],"version-history":[{"count":16,"href":"https:\/\/kulturzeit-moenchengladbach.de\/index.php\/wp-json\/wp\/v2\/pages\/101\/revisions"}],"predecessor-version":[{"id":692,"href":"https:\/\/kulturzeit-moenchengladbach.de\/index.php\/wp-json\/wp\/v2\/pages\/101\/revisions\/692"}],"wp:attachment":[{"href":"https:\/\/kulturzeit-moenchengladbach.de\/index.php\/wp-json\/wp\/v2\/media?parent=101"}],"curies":[{"name":"wp","href":"https:\/\/api.w.org\/{rel}","templated":true}]}}