{"id":263,"date":"2019-11-18T12:29:20","date_gmt":"2019-11-18T12:29:20","guid":{"rendered":"https:\/\/kulturzeit-moenchengladbach.de\/?page_id=263"},"modified":"2024-03-28T14:53:38","modified_gmt":"2024-03-28T13:53:38","slug":"events2","status":"publish","type":"page","link":"https:\/\/kulturzeit-moenchengladbach.de\/index.php\/events2\/","title":{"rendered":"Veranstaltungen"},"content":{"rendered":"\t\t<div data-elementor-type=\"wp-page\" data-elementor-id=\"263\" class=\"elementor elementor-263\">\n\t\t\t\t\t\t<section class=\"elementor-section elementor-top-section elementor-element elementor-element-f7e9090 elementor-section-boxed elementor-section-height-default elementor-section-height-default\" data-id=\"f7e9090\" data-element_type=\"section\" data-e-type=\"section\">\n\t\t\t\t\t\t<div class=\"elementor-container elementor-column-gap-default\">\n\t\t\t\t\t<div class=\"elementor-column elementor-col-100 elementor-top-column elementor-element elementor-element-8f3b708\" data-id=\"8f3b708\" data-element_type=\"column\" data-e-type=\"column\">\n\t\t\t<div class=\"elementor-widget-wrap elementor-element-populated\">\n\t\t\t\t\t\t<div class=\"elementor-element elementor-element-fdc4c30 elementor-nav-menu--dropdown-tablet elementor-nav-menu__text-align-aside elementor-nav-menu--toggle elementor-nav-menu--burger elementor-widget elementor-widget-nav-menu\" data-id=\"fdc4c30\" data-element_type=\"widget\" data-e-type=\"widget\" data-settings=\"{&quot;layout&quot;:&quot;horizontal&quot;,&quot;submenu_icon&quot;:{&quot;value&quot;:&quot;&lt;i class=\\&quot;fas fa-caret-down\\&quot;&gt;&lt;\\\/i&gt;&quot;,&quot;library&quot;:&quot;fa-solid&quot;},&quot;toggle&quot;:&quot;burger&quot;}\" data-widget_type=\"nav-menu.default\">\n\t\t\t\t<div class=\"elementor-widget-container\">\n\t\t\t\t\t\t\t\t<nav migration_allowed=\"1\" migrated=\"0\" class=\"elementor-nav-menu--main elementor-nav-menu__container elementor-nav-menu--layout-horizontal e--pointer-none\">\n\t\t\t\t<ul id=\"menu-1-fdc4c30\" class=\"elementor-nav-menu\"><li class=\"menu-item menu-item-type-post_type menu-item-object-page menu-item-home menu-item-115\"><a href=\"https:\/\/kulturzeit-moenchengladbach.de\/\" class=\"elementor-item\">Home<\/a><\/li>\n<li class=\"menu-item menu-item-type-post_type menu-item-object-page menu-item-has-children menu-item-114\"><a href=\"https:\/\/kulturzeit-moenchengladbach.de\/index.php\/gast\/\" class=\"elementor-item\">Gast<\/a>\n<ul class=\"sub-menu elementor-nav-menu--dropdown\">\n\t<li class=\"menu-item menu-item-type-post_type menu-item-object-page menu-item-113\"><a href=\"https:\/\/kulturzeit-moenchengladbach.de\/index.php\/richtlinien\/\" class=\"elementor-sub-item\">Richtlinien<\/a><\/li>\n\t<li class=\"menu-item menu-item-type-post_type menu-item-object-page menu-item-221\"><a href=\"https:\/\/kulturzeit-moenchengladbach.de\/index.php\/elementor-216\/\" class=\"elementor-sub-item\">G\u00e4ste-Partner<\/a><\/li>\n\t<li class=\"menu-item menu-item-type-post_type menu-item-object-page menu-item-294\"><a href=\"https:\/\/kulturzeit-moenchengladbach.de\/index.php\/events2\/\" class=\"elementor-sub-item\">Veranstaltungen<\/a><\/li>\n<\/ul>\n<\/li>\n<li class=\"menu-item menu-item-type-post_type menu-item-object-page menu-item-137\"><a href=\"https:\/\/kulturzeit-moenchengladbach.de\/index.php\/partner\/\" class=\"elementor-item\">Partner<\/a><\/li>\n<li class=\"menu-item menu-item-type-post_type menu-item-object-page menu-item-149\"><a href=\"https:\/\/kulturzeit-moenchengladbach.de\/index.php\/rudel\/\" class=\"elementor-item\">Rudel<\/a><\/li>\n<li class=\"menu-item menu-item-type-post_type menu-item-object-page menu-item-166\"><a href=\"https:\/\/kulturzeit-moenchengladbach.de\/index.php\/impressum\/\" class=\"elementor-item\">Impressum<\/a><\/li>\n<li class=\"menu-item menu-item-type-post_type menu-item-object-page menu-item-173\"><a href=\"https:\/\/kulturzeit-moenchengladbach.de\/index.php\/datenschutz\/\" class=\"elementor-item\">Datenschutz<\/a><\/li>\n<li class=\"menu-item menu-item-type-custom menu-item-object-custom menu-item-357\"><a href=\"https:\/\/kulturzeit-mg-komm-an.de\/\" class=\"elementor-item\">English<\/a><\/li>\n<\/ul>\t\t\t<\/nav>\n\t\t\t\t\t<div class=\"elementor-menu-toggle\" role=\"button\" tabindex=\"0\" aria-label=\"Menu Toggle\" aria-expanded=\"false\">\n\t\t\t<i aria-hidden=\"true\" role=\"presentation\" class=\"elementor-menu-toggle__icon--open eicon-menu-bar\"><\/i><i aria-hidden=\"true\" role=\"presentation\" class=\"elementor-menu-toggle__icon--close eicon-close\"><\/i>\t\t\t<span class=\"elementor-screen-only\">Men\u00fc<\/span>\n\t\t<\/div>\n\t\t\t\t\t<nav class=\"elementor-nav-menu--dropdown elementor-nav-menu__container\" aria-hidden=\"true\">\n\t\t\t\t<ul id=\"menu-2-fdc4c30\" class=\"elementor-nav-menu\"><li class=\"menu-item menu-item-type-post_type menu-item-object-page menu-item-home menu-item-115\"><a href=\"https:\/\/kulturzeit-moenchengladbach.de\/\" class=\"elementor-item\" tabindex=\"-1\">Home<\/a><\/li>\n<li class=\"menu-item menu-item-type-post_type menu-item-object-page menu-item-has-children menu-item-114\"><a href=\"https:\/\/kulturzeit-moenchengladbach.de\/index.php\/gast\/\" class=\"elementor-item\" tabindex=\"-1\">Gast<\/a>\n<ul class=\"sub-menu elementor-nav-menu--dropdown\">\n\t<li class=\"menu-item menu-item-type-post_type menu-item-object-page menu-item-113\"><a href=\"https:\/\/kulturzeit-moenchengladbach.de\/index.php\/richtlinien\/\" class=\"elementor-sub-item\" tabindex=\"-1\">Richtlinien<\/a><\/li>\n\t<li class=\"menu-item menu-item-type-post_type menu-item-object-page menu-item-221\"><a href=\"https:\/\/kulturzeit-moenchengladbach.de\/index.php\/elementor-216\/\" class=\"elementor-sub-item\" tabindex=\"-1\">G\u00e4ste-Partner<\/a><\/li>\n\t<li class=\"menu-item menu-item-type-post_type menu-item-object-page menu-item-294\"><a href=\"https:\/\/kulturzeit-moenchengladbach.de\/index.php\/events2\/\" class=\"elementor-sub-item\" tabindex=\"-1\">Veranstaltungen<\/a><\/li>\n<\/ul>\n<\/li>\n<li class=\"menu-item menu-item-type-post_type menu-item-object-page menu-item-137\"><a href=\"https:\/\/kulturzeit-moenchengladbach.de\/index.php\/partner\/\" class=\"elementor-item\" tabindex=\"-1\">Partner<\/a><\/li>\n<li class=\"menu-item menu-item-type-post_type menu-item-object-page menu-item-149\"><a href=\"https:\/\/kulturzeit-moenchengladbach.de\/index.php\/rudel\/\" class=\"elementor-item\" tabindex=\"-1\">Rudel<\/a><\/li>\n<li class=\"menu-item menu-item-type-post_type menu-item-object-page menu-item-166\"><a href=\"https:\/\/kulturzeit-moenchengladbach.de\/index.php\/impressum\/\" class=\"elementor-item\" tabindex=\"-1\">Impressum<\/a><\/li>\n<li class=\"menu-item menu-item-type-post_type menu-item-object-page menu-item-173\"><a href=\"https:\/\/kulturzeit-moenchengladbach.de\/index.php\/datenschutz\/\" class=\"elementor-item\" tabindex=\"-1\">Datenschutz<\/a><\/li>\n<li class=\"menu-item menu-item-type-custom menu-item-object-custom menu-item-357\"><a href=\"https:\/\/kulturzeit-mg-komm-an.de\/\" class=\"elementor-item\" tabindex=\"-1\">English<\/a><\/li>\n<\/ul>\t\t\t<\/nav>\n\t\t\t\t\t\t<\/div>\n\t\t\t\t<\/div>\n\t\t\t\t\t<\/div>\n\t\t<\/div>\n\t\t\t\t\t<\/div>\n\t\t<\/section>\n\t\t\t\t<section class=\"elementor-section elementor-top-section elementor-element elementor-element-5efdbf82 elementor-section-height-min-height elementor-section-content-middle elementor-section-boxed elementor-section-height-default elementor-section-items-middle\" data-id=\"5efdbf82\" data-element_type=\"section\" data-e-type=\"section\" data-settings=\"{&quot;background_background&quot;:&quot;classic&quot;}\">\n\t\t\t\t\t\t\t<div class=\"elementor-background-overlay\"><\/div>\n\t\t\t\t\t\t\t<div class=\"elementor-container elementor-column-gap-default\">\n\t\t\t\t\t<div class=\"elementor-column elementor-col-100 elementor-top-column elementor-element elementor-element-7a2c1891\" data-id=\"7a2c1891\" data-element_type=\"column\" data-e-type=\"column\">\n\t\t\t<div class=\"elementor-widget-wrap elementor-element-populated\">\n\t\t\t\t\t\t<div class=\"elementor-element elementor-element-cea73d6 elementor-absolute elementor-widget elementor-widget-image\" data-id=\"cea73d6\" data-element_type=\"widget\" data-e-type=\"widget\" data-settings=\"{&quot;motion_fx_motion_fx_scrolling&quot;:&quot;yes&quot;,&quot;_position&quot;:&quot;absolute&quot;,&quot;motion_fx_devices&quot;:[&quot;desktop&quot;,&quot;tablet&quot;,&quot;mobile&quot;]}\" data-widget_type=\"image.default\">\n\t\t\t\t<div class=\"elementor-widget-container\">\n\t\t\t\t\t\t\t\t\t\t\t\t\t\t\t<img fetchpriority=\"high\" decoding=\"async\" width=\"957\" height=\"448\" src=\"https:\/\/kulturzeit-moenchengladbach.de\/wp-content\/uploads\/2019\/09\/Kulturzeit-Logo-weiss-schwarz.png\" class=\"attachment-full size-full wp-image-38\" alt=\"Logo Kulturl\u00f6we\" srcset=\"https:\/\/kulturzeit-moenchengladbach.de\/wp-content\/uploads\/2019\/09\/Kulturzeit-Logo-weiss-schwarz.png 957w, https:\/\/kulturzeit-moenchengladbach.de\/wp-content\/uploads\/2019\/09\/Kulturzeit-Logo-weiss-schwarz-300x140.png 300w, https:\/\/kulturzeit-moenchengladbach.de\/wp-content\/uploads\/2019\/09\/Kulturzeit-Logo-weiss-schwarz-768x360.png 768w\" sizes=\"(max-width: 957px) 100vw, 957px\" \/>\t\t\t\t\t\t\t\t\t\t\t\t\t\t\t<\/div>\n\t\t\t\t<\/div>\n\t\t\t\t\t<\/div>\n\t\t<\/div>\n\t\t\t\t\t<\/div>\n\t\t<\/section>\n\t\t\t\t<section class=\"elementor-section elementor-top-section elementor-element elementor-element-bdb9bfb elementor-section-content-middle elementor-section-boxed elementor-section-height-default elementor-section-height-default\" data-id=\"bdb9bfb\" data-element_type=\"section\" data-e-type=\"section\">\n\t\t\t\t\t\t<div class=\"elementor-container elementor-column-gap-default\">\n\t\t\t\t\t<div class=\"elementor-column elementor-col-100 elementor-top-column elementor-element elementor-element-0701537\" data-id=\"0701537\" data-element_type=\"column\" data-e-type=\"column\">\n\t\t\t<div class=\"elementor-widget-wrap elementor-element-populated\">\n\t\t\t\t\t\t<div class=\"elementor-element elementor-element-9bb41c3 elementor-widget elementor-widget-spacer\" data-id=\"9bb41c3\" data-element_type=\"widget\" data-e-type=\"widget\" data-widget_type=\"spacer.default\">\n\t\t\t\t<div class=\"elementor-widget-container\">\n\t\t\t\t\t\t\t<div class=\"elementor-spacer\">\n\t\t\t<div class=\"elementor-spacer-inner\"><\/div>\n\t\t<\/div>\n\t\t\t\t\t\t<\/div>\n\t\t\t\t<\/div>\n\t\t\t\t<div class=\"elementor-element elementor-element-f7a9bba elementor-widget elementor-widget-heading\" data-id=\"f7a9bba\" data-element_type=\"widget\" data-e-type=\"widget\" data-widget_type=\"heading.default\">\n\t\t\t\t<div class=\"elementor-widget-container\">\n\t\t\t\t\t<h5 class=\"elementor-heading-title elementor-size-small\">VERANSTALTUNGEN<\/h5>\t\t\t\t<\/div>\n\t\t\t\t<\/div>\n\t\t\t\t<div class=\"elementor-element elementor-element-546cf61 elementor-widget elementor-widget-text-editor\" data-id=\"546cf61\" data-element_type=\"widget\" data-e-type=\"widget\" data-widget_type=\"text-editor.default\">\n\t\t\t\t<div class=\"elementor-widget-container\">\n\t\t\t\t\t\t\t\t\t<p>Ein Leben ohne kulturelle Veranstaltungen ist f\u00fcr uns nicht denkbar. F\u00fcr viele Menschen in unserer Stadt ist das aber ganz normal. Deshalb sind wir dankbar und gl\u00fccklich mit unserem Herzensprojekt \u201eKulturZeit M\u00f6nchengladbach \u2013 Ein Geschenk aus Kultur und Zeit\u201c T\u00fcren zu \u00f6ffnen, Erlebnisse zu schaffen, Pers\u00f6nlichkeitsentwicklung zu erm\u00f6glichen und schlicht und einfach eine sch\u00f6ne Zeit zu verschenken.<\/p><p>Mit der Unterst\u00fctzung unserer Kulturpartner, k\u00f6nnen wir Tickets f\u00fcr Konzerte, Theaterauff\u00fchrungen und viele weitere Veranstaltungen an unsere G\u00e4ste vermitteln.<\/p><p>In unserem Veranstaltungskalender findet man eine \u00dcbersicht aller aktuellen Veranstaltungen:<\/p>\t\t\t\t\t\t\t\t<\/div>\n\t\t\t\t<\/div>\n\t\t\t\t<div class=\"elementor-element elementor-element-9a26905 elementor-widget elementor-widget-html\" data-id=\"9a26905\" data-element_type=\"widget\" data-e-type=\"widget\" data-widget_type=\"html.default\">\n\t\t\t\t<div class=\"elementor-widget-container\">\n\t\t\t\t\t<script class=\"ai1ec-widget-placeholder\" data-widget=\"ai1ec_agenda_widget\" data-events_seek_type=\"events\">\r\n  (function(){var d=document,s=d.createElement('script'),\r\n  i='ai1ec-script';if(d.getElementById(i))return;s.async=1;\r\n  s.id=i;s.src='\/\/kulturzeit-moenchengladbach.de\/?ai1ec_js_widget';\r\n  d.getElementsByTagName('head')[0].appendChild(s);})();\r\n<\/script>\t\t\t\t<\/div>\n\t\t\t\t<\/div>\n\t\t\t\t<div class=\"elementor-element elementor-element-b91d184 elementor-widget elementor-widget-spacer\" data-id=\"b91d184\" data-element_type=\"widget\" data-e-type=\"widget\" data-widget_type=\"spacer.default\">\n\t\t\t\t<div class=\"elementor-widget-container\">\n\t\t\t\t\t\t\t<div class=\"elementor-spacer\">\n\t\t\t<div class=\"elementor-spacer-inner\"><\/div>\n\t\t<\/div>\n\t\t\t\t\t\t<\/div>\n\t\t\t\t<\/div>\n\t\t\t\t<div class=\"elementor-element elementor-element-c243540 elementor-widget elementor-widget-heading\" data-id=\"c243540\" data-element_type=\"widget\" data-e-type=\"widget\" data-widget_type=\"heading.default\">\n\t\t\t\t<div class=\"elementor-widget-container\">\n\t\t\t\t\t<h5 class=\"elementor-heading-title elementor-size-small\">KULTURSPAZIERGANG<\/h5>\t\t\t\t<\/div>\n\t\t\t\t<\/div>\n\t\t\t\t<div class=\"elementor-element elementor-element-88685bb elementor-widget elementor-widget-text-editor\" data-id=\"88685bb\" data-element_type=\"widget\" data-e-type=\"widget\" data-widget_type=\"text-editor.default\">\n\t\t\t\t<div class=\"elementor-widget-container\">\n\t\t\t\t\t\t\t\t\t<p>Manchmal ergeben sich aus einer Notsituation auch Dinge, die langfristig Bestand haben k\u00f6nnen und Freude machen. Auch w\u00e4hrend der Corona-Pandemie wollten wir kulturelle Teilhabe f\u00fcr unsere G\u00e4ste in M\u00f6nchengladbach erm\u00f6glichen. Aus diesem Grund haben wir im Fr\u00fchling 2020 ein neues Veranstaltungsformat ins Leben gerufen. Den \u201eKulturSpaziergang\u201c. Der \u201eKulturSpaziergang\u201c ist ein Projekt bei dem wir in Kleingruppen, Kultur und Spazierg\u00e4nge verbinden. Aufgrund der Pandemie f\u00fchlen sich viele Menschen einsam und ziehen sich immer mehr aus dem \u00f6ffentlichen Leben zur\u00fcck. Wir gehen mit unseren G\u00e4sten in M\u00f6nchengladbach spazieren und erkunden dadurch unsere Stadt. Diese Spazierg\u00e4nge enden bei einem \u00dcberraschungsk\u00fcnstler, der die G\u00e4ste exklusiv mit unterschiedlichen Darbietungen, aus verschiedenen Genres begeistert. Mit diesem Veranstaltungsformat k\u00f6nnen wir auch in schwierigen Zeiten unseren G\u00e4sten die M\u00f6glichkeit geben lokale K\u00fcnstler zu entdecken, gemeinsam eine sch\u00f6ne Auszeit zu haben und neue Erfahrungen zu sammeln. Hinzu kommt, dass wir K\u00fcnstler*innen eine bezahlte Auftrittsm\u00f6glichkeit bieten k\u00f6nnen, welche weitgehendst unabh\u00e4ngig von den Entwicklungen der Coronazahlen umsetzbar ist.<\/p>\t\t\t\t\t\t\t\t<\/div>\n\t\t\t\t<\/div>\n\t\t\t\t<div class=\"elementor-element elementor-element-5683237 elementor-widget elementor-widget-gallery\" data-id=\"5683237\" data-element_type=\"widget\" data-e-type=\"widget\" data-settings=\"{&quot;columns&quot;:3,&quot;gallery_layout&quot;:&quot;grid&quot;,&quot;columns_tablet&quot;:2,&quot;columns_mobile&quot;:1,&quot;gap&quot;:{&quot;unit&quot;:&quot;px&quot;,&quot;size&quot;:10,&quot;sizes&quot;:[]},&quot;gap_tablet&quot;:{&quot;unit&quot;:&quot;px&quot;,&quot;size&quot;:10,&quot;sizes&quot;:[]},&quot;gap_mobile&quot;:{&quot;unit&quot;:&quot;px&quot;,&quot;size&quot;:10,&quot;sizes&quot;:[]},&quot;link_to&quot;:&quot;file&quot;,&quot;aspect_ratio&quot;:&quot;3:2&quot;,&quot;overlay_background&quot;:&quot;yes&quot;,&quot;content_hover_animation&quot;:&quot;fade-in&quot;}\" data-widget_type=\"gallery.default\">\n\t\t\t\t<div class=\"elementor-widget-container\">\n\t\t\t\t\t\t\t<div class=\"elementor-gallery__container\">\n\t\t\t\t\t\t\t<a class=\"e-gallery-item elementor-gallery-item elementor-animated-content\" href=\"https:\/\/kulturzeit-moenchengladbach.de\/wp-content\/uploads\/2022\/01\/WhatsApp-Image-2021-04-15-at-12.52.06.jpeg\" data-elementor-open-lightbox=\"yes\" data-elementor-lightbox-slideshow=\"all-5683237\" data-e-action-hash=\"#elementor-action%3Aaction%3Dlightbox%26settings%3DeyJpZCI6NTYwLCJ1cmwiOiJodHRwczpcL1wva3VsdHVyemVpdC1tb2VuY2hlbmdsYWRiYWNoLmRlXC93cC1jb250ZW50XC91cGxvYWRzXC8yMDIyXC8wMVwvV2hhdHNBcHAtSW1hZ2UtMjAyMS0wNC0xNS1hdC0xMi41Mi4wNi5qcGVnIiwic2xpZGVzaG93IjoiYWxsLTU2ODMyMzcifQ%3D%3D\">\n\t\t\t\t\t<div class=\"e-gallery-image elementor-gallery-item__image\" data-thumbnail=\"https:\/\/kulturzeit-moenchengladbach.de\/wp-content\/uploads\/2022\/01\/WhatsApp-Image-2021-04-15-at-12.52.06-300x225.jpeg\" data-width=\"300\" data-height=\"225\" alt=\"\" ><\/div>\n\t\t\t\t\t\t\t\t\t\t\t<div class=\"elementor-gallery-item__overlay\"><\/div>\n\t\t\t\t\t\t\t\t\t\t\t\t\t\t<\/a>\n\t\t\t\t\t\t\t<a class=\"e-gallery-item elementor-gallery-item elementor-animated-content\" href=\"https:\/\/kulturzeit-moenchengladbach.de\/wp-content\/uploads\/2022\/01\/WhatsApp-Image-2021-04-15-at-12.52.11.jpeg\" data-elementor-open-lightbox=\"yes\" data-elementor-lightbox-slideshow=\"all-5683237\" data-e-action-hash=\"#elementor-action%3Aaction%3Dlightbox%26settings%3DeyJpZCI6NTYyLCJ1cmwiOiJodHRwczpcL1wva3VsdHVyemVpdC1tb2VuY2hlbmdsYWRiYWNoLmRlXC93cC1jb250ZW50XC91cGxvYWRzXC8yMDIyXC8wMVwvV2hhdHNBcHAtSW1hZ2UtMjAyMS0wNC0xNS1hdC0xMi41Mi4xMS5qcGVnIiwic2xpZGVzaG93IjoiYWxsLTU2ODMyMzcifQ%3D%3D\">\n\t\t\t\t\t<div class=\"e-gallery-image elementor-gallery-item__image\" data-thumbnail=\"https:\/\/kulturzeit-moenchengladbach.de\/wp-content\/uploads\/2022\/01\/WhatsApp-Image-2021-04-15-at-12.52.11-300x225.jpeg\" data-width=\"300\" data-height=\"225\" alt=\"\" ><\/div>\n\t\t\t\t\t\t\t\t\t\t\t<div class=\"elementor-gallery-item__overlay\"><\/div>\n\t\t\t\t\t\t\t\t\t\t\t\t\t\t<\/a>\n\t\t\t\t\t\t\t<a class=\"e-gallery-item elementor-gallery-item elementor-animated-content\" href=\"https:\/\/kulturzeit-moenchengladbach.de\/wp-content\/uploads\/2022\/01\/IMG-20210703-WA0017.jpg\" data-elementor-open-lightbox=\"yes\" data-elementor-lightbox-slideshow=\"all-5683237\" data-e-action-hash=\"#elementor-action%3Aaction%3Dlightbox%26settings%3DeyJpZCI6NTY1LCJ1cmwiOiJodHRwczpcL1wva3VsdHVyemVpdC1tb2VuY2hlbmdsYWRiYWNoLmRlXC93cC1jb250ZW50XC91cGxvYWRzXC8yMDIyXC8wMVwvSU1HLTIwMjEwNzAzLVdBMDAxNy5qcGciLCJzbGlkZXNob3ciOiJhbGwtNTY4MzIzNyJ9\">\n\t\t\t\t\t<div class=\"e-gallery-image elementor-gallery-item__image\" data-thumbnail=\"https:\/\/kulturzeit-moenchengladbach.de\/wp-content\/uploads\/2022\/01\/IMG-20210703-WA0017-300x225.jpg\" data-width=\"300\" data-height=\"225\" alt=\"\" ><\/div>\n\t\t\t\t\t\t\t\t\t\t\t<div class=\"elementor-gallery-item__overlay\"><\/div>\n\t\t\t\t\t\t\t\t\t\t\t\t\t\t<\/a>\n\t\t\t\t\t<\/div>\n\t\t\t\t\t<\/div>\n\t\t\t\t<\/div>\n\t\t\t\t<div class=\"elementor-element elementor-element-f2b6e34 elementor-widget elementor-widget-spacer\" data-id=\"f2b6e34\" data-element_type=\"widget\" data-e-type=\"widget\" data-widget_type=\"spacer.default\">\n\t\t\t\t<div class=\"elementor-widget-container\">\n\t\t\t\t\t\t\t<div class=\"elementor-spacer\">\n\t\t\t<div class=\"elementor-spacer-inner\"><\/div>\n\t\t<\/div>\n\t\t\t\t\t\t<\/div>\n\t\t\t\t<\/div>\n\t\t\t\t\t<\/div>\n\t\t<\/div>\n\t\t\t\t\t<\/div>\n\t\t<\/section>\n\t\t\t\t<section class=\"elementor-section elementor-top-section elementor-element elementor-element-5d3fbb53 elementor-section-boxed elementor-section-height-default elementor-section-height-default\" data-id=\"5d3fbb53\" data-element_type=\"section\" data-e-type=\"section\">\n\t\t\t\t\t\t<div class=\"elementor-container elementor-column-gap-default\">\n\t\t\t\t\t<div class=\"elementor-column elementor-col-33 elementor-top-column elementor-element elementor-element-3242dac1\" data-id=\"3242dac1\" data-element_type=\"column\" data-e-type=\"column\">\n\t\t\t<div class=\"elementor-widget-wrap elementor-element-populated\">\n\t\t\t\t\t\t<div class=\"elementor-element elementor-element-6e9be1d elementor-widget elementor-widget-heading\" data-id=\"6e9be1d\" data-element_type=\"widget\" data-e-type=\"widget\" data-widget_type=\"heading.default\">\n\t\t\t\t<div class=\"elementor-widget-container\">\n\t\t\t\t\t<h5 class=\"elementor-heading-title elementor-size-small\">Kulturl\u00f6we Niederrhein e.V.<\/h5>\t\t\t\t<\/div>\n\t\t\t\t<\/div>\n\t\t\t\t<div class=\"elementor-element elementor-element-562fe248 elementor-widget-divider--view-line elementor-widget elementor-widget-divider\" data-id=\"562fe248\" data-element_type=\"widget\" data-e-type=\"widget\" data-widget_type=\"divider.default\">\n\t\t\t\t<div class=\"elementor-widget-container\">\n\t\t\t\t\t\t\t<div class=\"elementor-divider\">\n\t\t\t<span class=\"elementor-divider-separator\">\n\t\t\t\t\t\t<\/span>\n\t\t<\/div>\n\t\t\t\t\t\t<\/div>\n\t\t\t\t<\/div>\n\t\t\t\t<div class=\"elementor-element elementor-element-26c35d0a elementor-icon-list--layout-traditional elementor-list-item-link-full_width elementor-widget elementor-widget-icon-list\" data-id=\"26c35d0a\" data-element_type=\"widget\" data-e-type=\"widget\" data-widget_type=\"icon-list.default\">\n\t\t\t\t<div class=\"elementor-widget-container\">\n\t\t\t\t\t\t\t<ul class=\"elementor-icon-list-items\">\n\t\t\t\t\t\t\t<li class=\"elementor-icon-list-item\">\n\t\t\t\t\t\t\t\t\t\t\t<span class=\"elementor-icon-list-icon\">\n\t\t\t\t\t\t\t<i aria-hidden=\"true\" class=\"fas fa-map-marker-alt\"><\/i>\t\t\t\t\t\t<\/span>\n\t\t\t\t\t\t\t\t\t\t<span class=\"elementor-icon-list-text\">Wallstra\u00dfe 1, 41061 M\u00f6nchengladbach<\/span>\n\t\t\t\t\t\t\t\t\t<\/li>\n\t\t\t\t\t\t\t\t<li class=\"elementor-icon-list-item\">\n\t\t\t\t\t\t\t\t\t\t\t<a href=\"mailto:post@kulturloewe.de\">\n\n\t\t\t\t\t\t\t\t\t\t\t\t<span class=\"elementor-icon-list-icon\">\n\t\t\t\t\t\t\t<i aria-hidden=\"true\" class=\"fas fa-envelope-square\"><\/i>\t\t\t\t\t\t<\/span>\n\t\t\t\t\t\t\t\t\t\t<span class=\"elementor-icon-list-text\">post@kulturloewe.de<\/span>\n\t\t\t\t\t\t\t\t\t\t\t<\/a>\n\t\t\t\t\t\t\t\t\t<\/li>\n\t\t\t\t\t\t\t\t<li class=\"elementor-icon-list-item\">\n\t\t\t\t\t\t\t\t\t\t\t<span class=\"elementor-icon-list-icon\">\n\t\t\t\t\t\t\t<i aria-hidden=\"true\" class=\"fas fa-phone-square\"><\/i>\t\t\t\t\t\t<\/span>\n\t\t\t\t\t\t\t\t\t\t<span class=\"elementor-icon-list-text\">(02161) 96 228 85<\/span>\n\t\t\t\t\t\t\t\t\t<\/li>\n\t\t\t\t\t\t\t\t<li class=\"elementor-icon-list-item\">\n\t\t\t\t\t\t\t\t\t\t\t<span class=\"elementor-icon-list-icon\">\n\t\t\t\t\t\t\t<i aria-hidden=\"true\" class=\"far fa-clock\"><\/i>\t\t\t\t\t\t<\/span>\n\t\t\t\t\t\t\t\t\t\t<span class=\"elementor-icon-list-text\">\u00d6ffnungszeiten:<\/span>\n\t\t\t\t\t\t\t\t\t<\/li>\n\t\t\t\t\t\t\t\t<li class=\"elementor-icon-list-item\">\n\t\t\t\t\t\t\t\t\t\t<span class=\"elementor-icon-list-text\">Dienstag, Mittwoch und Freitag: 09:00 - 14:00 Uhr <\/span>\n\t\t\t\t\t\t\t\t\t<\/li>\n\t\t\t\t\t\t\t\t<li class=\"elementor-icon-list-item\">\n\t\t\t\t\t\t\t\t\t\t<span class=\"elementor-icon-list-text\">Donnerstag: 11:00 - 16:00 Uhr <\/span>\n\t\t\t\t\t\t\t\t\t<\/li>\n\t\t\t\t\t\t\t\t<li class=\"elementor-icon-list-item\">\n\t\t\t\t\t\t\t\t\t\t<span class=\"elementor-icon-list-text\">Samstag: 10:00 - 14:00 Uhr <br>Sonntag + Montag: Geschlossen <\/span>\n\t\t\t\t\t\t\t\t\t<\/li>\n\t\t\t\t\t\t<\/ul>\n\t\t\t\t\t\t<\/div>\n\t\t\t\t<\/div>\n\t\t\t\t\t<\/div>\n\t\t<\/div>\n\t\t\t\t<div class=\"elementor-column elementor-col-33 elementor-top-column elementor-element elementor-element-1382f741\" data-id=\"1382f741\" data-element_type=\"column\" data-e-type=\"column\">\n\t\t\t<div class=\"elementor-widget-wrap elementor-element-populated\">\n\t\t\t\t\t\t<div class=\"elementor-element elementor-element-2f6a0142 elementor-widget elementor-widget-image\" data-id=\"2f6a0142\" data-element_type=\"widget\" data-e-type=\"widget\" data-widget_type=\"image.default\">\n\t\t\t\t<div class=\"elementor-widget-container\">\n\t\t\t\t\t\t\t\t\t\t\t\t\t\t\t<img decoding=\"async\" width=\"800\" height=\"375\" src=\"https:\/\/kulturzeit-moenchengladbach.de\/wp-content\/uploads\/2019\/09\/Kulturzeit-Logo-weinrot_4c.png\" class=\"attachment-large size-large wp-image-37\" alt=\"\" srcset=\"https:\/\/kulturzeit-moenchengladbach.de\/wp-content\/uploads\/2019\/09\/Kulturzeit-Logo-weinrot_4c.png 957w, https:\/\/kulturzeit-moenchengladbach.de\/wp-content\/uploads\/2019\/09\/Kulturzeit-Logo-weinrot_4c-300x140.png 300w, https:\/\/kulturzeit-moenchengladbach.de\/wp-content\/uploads\/2019\/09\/Kulturzeit-Logo-weinrot_4c-768x360.png 768w\" sizes=\"(max-width: 800px) 100vw, 800px\" \/>\t\t\t\t\t\t\t\t\t\t\t\t\t\t\t<\/div>\n\t\t\t\t<\/div>\n\t\t\t\t\t<\/div>\n\t\t<\/div>\n\t\t\t\t<div class=\"elementor-column elementor-col-33 elementor-top-column elementor-element elementor-element-61d7d453\" data-id=\"61d7d453\" data-element_type=\"column\" data-e-type=\"column\">\n\t\t\t<div class=\"elementor-widget-wrap elementor-element-populated\">\n\t\t\t\t\t\t<div class=\"elementor-element elementor-element-3071061e elementor-widget elementor-widget-google_maps\" data-id=\"3071061e\" data-element_type=\"widget\" data-e-type=\"widget\" data-widget_type=\"google_maps.default\">\n\t\t\t\t<div class=\"elementor-widget-container\">\n\t\t\t\t\t\t\t<div class=\"elementor-custom-embed\">\n\t\t\t<iframe loading=\"lazy\"\n\t\t\t\t\tsrc=\"https:\/\/maps.google.com\/maps?q=M%C3%B6nchengladbach%2C%20Wallstra%C3%9Fe%201&#038;t=m&#038;z=10&#038;output=embed&#038;iwloc=near\"\n\t\t\t\t\ttitle=\"M\u00f6nchengladbach, Wallstra\u00dfe 1\"\n\t\t\t\t\taria-label=\"M\u00f6nchengladbach, Wallstra\u00dfe 1\"\n\t\t\t><\/iframe>\n\t\t<\/div>\n\t\t\t\t\t\t<\/div>\n\t\t\t\t<\/div>\n\t\t\t\t\t<\/div>\n\t\t<\/div>\n\t\t\t\t\t<\/div>\n\t\t<\/section>\n\t\t\t\t<\/div>\n\t\t","protected":false},"excerpt":{"rendered":"<p>VERANSTALTUNGEN Ein Leben ohne kulturelle Veranstaltungen ist f\u00fcr uns nicht denkbar. F\u00fcr viele Menschen in unserer Stadt ist das aber ganz normal. Deshalb sind wir dankbar und gl\u00fccklich mit unserem Herzensprojekt \u201eKulturZeit M\u00f6nchengladbach \u2013 Ein Geschenk aus Kultur und Zeit\u201c T\u00fcren zu \u00f6ffnen, Erlebnisse zu schaffen, Pers\u00f6nlichkeitsentwicklung zu erm\u00f6glichen und schlicht und einfach eine sch\u00f6ne [&hellip;]<\/p>\n","protected":false},"author":1,"featured_media":0,"parent":0,"menu_order":0,"comment_status":"closed","ping_status":"closed","template":"elementor_canvas","meta":{"footnotes":""},"class_list":["post-263","page","type-page","status-publish","hentry"],"_links":{"self":[{"href":"https:\/\/kulturzeit-moenchengladbach.de\/index.php\/wp-json\/wp\/v2\/pages\/263","targetHints":{"allow":["GET"]}}],"collection":[{"href":"https:\/\/kulturzeit-moenchengladbach.de\/index.php\/wp-json\/wp\/v2\/pages"}],"about":[{"href":"https:\/\/kulturzeit-moenchengladbach.de\/index.php\/wp-json\/wp\/v2\/types\/page"}],"author":[{"embeddable":true,"href":"https:\/\/kulturzeit-moenchengladbach.de\/index.php\/wp-json\/wp\/v2\/users\/1"}],"replies":[{"embeddable":true,"href":"https:\/\/kulturzeit-moenchengladbach.de\/index.php\/wp-json\/wp\/v2\/comments?post=263"}],"version-history":[{"count":63,"href":"https:\/\/kulturzeit-moenchengladbach.de\/index.php\/wp-json\/wp\/v2\/pages\/263\/revisions"}],"predecessor-version":[{"id":698,"href":"https:\/\/kulturzeit-moenchengladbach.de\/index.php\/wp-json\/wp\/v2\/pages\/263\/revisions\/698"}],"wp:attachment":[{"href":"https:\/\/kulturzeit-moenchengladbach.de\/index.php\/wp-json\/wp\/v2\/media?parent=263"}],"curies":[{"name":"wp","href":"https:\/\/api.w.org\/{rel}","templated":true}]}}